{"id":562,"date":"2025-03-04T15:04:06","date_gmt":"2025-03-04T14:04:06","guid":{"rendered":"https:\/\/theweddingstories.ch\/?page_id=562"},"modified":"2025-06-10T11:25:13","modified_gmt":"2025-06-10T09:25:13","slug":"impressum-2","status":"publish","type":"page","link":"https:\/\/theweddingstories.ch\/en\/impressum-2\/","title":{"rendered":"Imprint"},"content":{"rendered":"<p><strong>Responsible for all contents of this website:<\/strong><\/p>\n\n\n\n<p>The Wedding Stories<br>Lara Fl\u00fcckiger<br>Wettswilerstrasse 19<br>CH-8903 Birmensdorf ZH<\/p>\n\n\n\n<p><a href=\"tel:+41797393834\">+41 79 739 38 34<\/a><br><a href=\"mailto:info@theweddingstories.ch\">contact@thewes.ch<\/a><\/p>\n\n\n\n<p><strong>DISCLAIMER<\/strong><\/p>\n\n\n\n<p><strong>Disclaimer<\/strong><\/p>\n\n\n\n<p>The author accepts no liability for the correctness, accuracy, up-to-dateness, reliability and completeness of the information provided. Liability claims against the author for damages of a material or immaterial nature arising from access to or use or non-use of the published information, misuse of the connection or technical faults are excluded. All offers are non-binding. The author expressly reserves the right to change, supplement or delete parts of the pages or the entire offer without prior notice or to temporarily or permanently cease publication.<\/p>\n\n\n\n<p><strong>Liability for links<\/strong><\/p>\n\n\n\n<p>References and links to third-party websites are outside our area of responsibility. Any responsibility for such websites is rejected. Access to and use of such websites is at the user's own risk.<\/p>\n\n\n\n<p><strong>Copyrights<\/strong><\/p>\n\n\n\n<p>The copyright and all other rights to content, images, photos or other files on the website belong exclusively to the author or the specifically named rights holders. The written consent of the copyright holder must be obtained in advance for the reproduction of any elements.<\/p>\n\n\n\n<p>Photo credits and copyrights of others of the photos and graphics used on this website:<\/p>\n\n\n\n<p>Various images from Unsplash.<\/p>","protected":false},"excerpt":{"rendered":"<p>Verantwortlich f\u00fcr alle Inhalte dieser Webseite: The Wedding StoriesLara Fl\u00fcckigerWettswilerstrasse 19CH-8903 Birmensdorf ZH +41 79 739 38 34contact@thewes.ch DISCLAIMER Haftungsausschluss Der Autor \u00fcbernimmt keinerlei Gew\u00e4hr hinsichtlich der inhaltlichen Richtigkeit, Genauigkeit, Aktualit\u00e4t, Zuverl\u00e4ssigkeit und Vollst\u00e4ndigkeit der Informationen. Haftungsanspr\u00fcche gegen den Autor wegen Sch\u00e4den materieller oder immaterieller Art, welche aus dem Zugriff oder der Nutzung bzw. Nichtnutzung [&hellip;]<\/p>\n","protected":false},"author":1,"featured_media":0,"parent":0,"menu_order":0,"comment_status":"closed","ping_status":"closed","template":"","meta":{"footnotes":""},"class_list":["post-562","page","type-page","status-publish","hentry"],"_links":{"self":[{"href":"https:\/\/theweddingstories.ch\/en\/wp-json\/wp\/v2\/pages\/562","targetHints":{"allow":["GET"]}}],"collection":[{"href":"https:\/\/theweddingstories.ch\/en\/wp-json\/wp\/v2\/pages"}],"about":[{"href":"https:\/\/theweddingstories.ch\/en\/wp-json\/wp\/v2\/types\/page"}],"author":[{"embeddable":true,"href":"https:\/\/theweddingstories.ch\/en\/wp-json\/wp\/v2\/users\/1"}],"replies":[{"embeddable":true,"href":"https:\/\/theweddingstories.ch\/en\/wp-json\/wp\/v2\/comments?post=562"}],"version-history":[{"count":9,"href":"https:\/\/theweddingstories.ch\/en\/wp-json\/wp\/v2\/pages\/562\/revisions"}],"predecessor-version":[{"id":4337,"href":"https:\/\/theweddingstories.ch\/en\/wp-json\/wp\/v2\/pages\/562\/revisions\/4337"}],"wp:attachment":[{"href":"https:\/\/theweddingstories.ch\/en\/wp-json\/wp\/v2\/media?parent=562"}],"curies":[{"name":"wp","href":"https:\/\/api.w.org\/{rel}","templated":true}]}}