{"id":2402,"date":"2025-05-19T17:18:08","date_gmt":"2025-05-19T15:18:08","guid":{"rendered":"https:\/\/theweddingstories.ch\/?page_id=2402"},"modified":"2026-01-27T14:35:05","modified_gmt":"2026-01-27T13:35:05","slug":"wedding-day-manager","status":"publish","type":"page","link":"https:\/\/theweddingstories.ch\/en\/wedding-day-manager\/","title":{"rendered":"Wedding Day Manager"},"content":{"rendered":"<div data-elementor-type=\"wp-page\" data-elementor-id=\"2402\" class=\"elementor elementor-2402\" data-elementor-post-type=\"page\">\n\t\t\t\t\t\t<section class=\"elementor-section elementor-top-section elementor-element elementor-element-9b739e8 elementor-section-height-min-height elementor-section-boxed elementor-section-height-default elementor-section-items-middle\" data-id=\"9b739e8\" data-element_type=\"section\" data-e-type=\"section\" data-settings=\"{&quot;background_background&quot;:&quot;classic&quot;}\">\n\t\t\t\t\t\t\t<div class=\"elementor-background-overlay\"><\/div>\n\t\t\t\t\t\t\t<div class=\"elementor-container elementor-column-gap-default\">\n\t\t\t\t\t<div class=\"elementor-column elementor-col-100 elementor-top-column elementor-element elementor-element-61d9b1a\" data-id=\"61d9b1a\" data-element_type=\"column\" data-e-type=\"column\">\n\t\t\t<div class=\"elementor-widget-wrap elementor-element-populated\">\n\t\t\t\t\t\t<div class=\"elementor-element elementor-element-5752df5 elementor-widget elementor-widget-heading\" data-id=\"5752df5\" data-element_type=\"widget\" data-e-type=\"widget\" data-widget_type=\"heading.default\">\n\t\t\t\t<div class=\"elementor-widget-container\">\n\t\t\t\t\t<h1 class=\"elementor-heading-title elementor-size-default\">Wedding day<\/h1>\t\t\t\t<\/div>\n\t\t\t\t<\/div>\n\t\t\t\t<div class=\"elementor-element elementor-element-454feae elementor-widget elementor-widget-heading\" data-id=\"454feae\" data-element_type=\"widget\" data-e-type=\"widget\" data-widget_type=\"heading.default\">\n\t\t\t\t<div class=\"elementor-widget-container\">\n\t\t\t\t\t<h1 class=\"elementor-heading-title elementor-size-default\">manager<\/h1>\t\t\t\t<\/div>\n\t\t\t\t<\/div>\n\t\t\t\t<div class=\"elementor-element elementor-element-a6687b6 elementor-widget-divider--view-line elementor-widget elementor-widget-divider\" data-id=\"a6687b6\" data-element_type=\"widget\" data-e-type=\"widget\" data-widget_type=\"divider.default\">\n\t\t\t\t<div class=\"elementor-widget-container\">\n\t\t\t\t\t\t\t<div class=\"elementor-divider\">\n\t\t\t<span class=\"elementor-divider-separator\">\n\t\t\t\t\t\t<\/span>\n\t\t<\/div>\n\t\t\t\t\t\t<\/div>\n\t\t\t\t<\/div>\n\t\t\t\t<div class=\"elementor-element elementor-element-af73fa9 elementor-widget elementor-widget-heading\" data-id=\"af73fa9\" data-element_type=\"widget\" data-e-type=\"widget\" data-widget_type=\"heading.default\">\n\t\t\t\t<div class=\"elementor-widget-container\">\n\t\t\t\t\t<h3 class=\"elementor-heading-title elementor-size-default\">Presence in the background,<br> Perfection in detail<\/h3>\t\t\t\t<\/div>\n\t\t\t\t<\/div>\n\t\t\t\t\t<\/div>\n\t\t<\/div>\n\t\t\t\t\t<\/div>\n\t\t<\/section>\n\t\t\t\t<section class=\"elementor-section elementor-top-section elementor-element elementor-element-27aca0e elementor-section-boxed elementor-section-height-default elementor-section-height-default\" data-id=\"27aca0e\" data-element_type=\"section\" data-e-type=\"section\" data-settings=\"{&quot;background_background&quot;:&quot;classic&quot;}\">\n\t\t\t\t\t\t<div class=\"elementor-container elementor-column-gap-default\">\n\t\t\t\t\t<div class=\"elementor-column elementor-col-100 elementor-top-column elementor-element elementor-element-12b1e64\" data-id=\"12b1e64\" data-element_type=\"column\" data-e-type=\"column\">\n\t\t\t<div class=\"elementor-widget-wrap elementor-element-populated\">\n\t\t\t\t\t\t<div class=\"elementor-element elementor-element-817b156 elementor-widget elementor-widget-heading\" data-id=\"817b156\" data-element_type=\"widget\" data-e-type=\"widget\" data-widget_type=\"heading.default\">\n\t\t\t\t<div class=\"elementor-widget-container\">\n\t\t\t\t\t<h3 class=\"elementor-heading-title elementor-size-default\">Confidently in the background.<\/h3>\t\t\t\t<\/div>\n\t\t\t\t<\/div>\n\t\t\t\t<div class=\"elementor-element elementor-element-08e9d73 elementor-widget elementor-widget-heading\" data-id=\"08e9d73\" data-element_type=\"widget\" data-e-type=\"widget\" data-widget_type=\"heading.default\">\n\t\t\t\t<div class=\"elementor-widget-container\">\n\t\t\t\t\t<h2 class=\"elementor-heading-title elementor-size-default\">Perfect in detail.<\/h2>\t\t\t\t<\/div>\n\t\t\t\t<\/div>\n\t\t\t\t<div class=\"elementor-element elementor-element-46fa7d9 elementor-widget elementor-widget-text-editor\" data-id=\"46fa7d9\" data-element_type=\"widget\" data-e-type=\"widget\" data-widget_type=\"text-editor.default\">\n\t\t\t\t<div class=\"elementor-widget-container\">\n\t\t\t\t\t\t\t\t\t<p>As your planner, I will keep an overview at all times on the day of the wedding. I make sure that all the threads come together and manage the entire process so that you can concentrate fully on your big day.<\/p><p>Unexpected things happen, that's what I'm here for. Thanks to my many years of experience, I know how to react flexibly to changes and master even complex challenges seemingly effortlessly and confidently. You can relax in the knowledge that nothing and nobody will spoil the festivities.<\/p>\t\t\t\t\t\t\t\t<\/div>\n\t\t\t\t<\/div>\n\t\t\t\t<div class=\"elementor-element elementor-element-384178e e-transform elementor-hidden-mobile elementor-widget-divider--view-line elementor-widget elementor-widget-divider\" data-id=\"384178e\" data-element_type=\"widget\" data-e-type=\"widget\" data-settings=\"{&quot;_transform_rotateZ_effect&quot;:{&quot;unit&quot;:&quot;px&quot;,&quot;size&quot;:90,&quot;sizes&quot;:[]},&quot;_transform_rotateZ_effect_tablet&quot;:{&quot;unit&quot;:&quot;deg&quot;,&quot;size&quot;:&quot;&quot;,&quot;sizes&quot;:[]},&quot;_transform_rotateZ_effect_mobile&quot;:{&quot;unit&quot;:&quot;deg&quot;,&quot;size&quot;:&quot;&quot;,&quot;sizes&quot;:[]}}\" data-widget_type=\"divider.default\">\n\t\t\t\t<div class=\"elementor-widget-container\">\n\t\t\t\t\t\t\t<div class=\"elementor-divider\">\n\t\t\t<span class=\"elementor-divider-separator\">\n\t\t\t\t\t\t<\/span>\n\t\t<\/div>\n\t\t\t\t\t\t<\/div>\n\t\t\t\t<\/div>\n\t\t\t\t\t<\/div>\n\t\t<\/div>\n\t\t\t\t\t<\/div>\n\t\t<\/section>\n\t\t\t\t<section class=\"elementor-section elementor-top-section elementor-element elementor-element-f413931 elementor-section-boxed elementor-section-height-default elementor-section-height-default\" data-id=\"f413931\" data-element_type=\"section\" data-e-type=\"section\">\n\t\t\t\t\t\t<div class=\"elementor-container elementor-column-gap-default\">\n\t\t\t\t\t<div class=\"elementor-column elementor-col-100 elementor-top-column elementor-element elementor-element-8978d88\" data-id=\"8978d88\" data-element_type=\"column\" data-e-type=\"column\">\n\t\t\t<div class=\"elementor-widget-wrap elementor-element-populated\">\n\t\t\t\t\t\t<section class=\"elementor-section elementor-inner-section elementor-element elementor-element-99cecb4 elementor-section-height-min-height elementor-section-boxed elementor-section-height-default\" data-id=\"99cecb4\" data-element_type=\"section\" data-e-type=\"section\">\n\t\t\t\t\t\t<div class=\"elementor-container elementor-column-gap-default\">\n\t\t\t\t\t<div class=\"elementor-column elementor-col-25 elementor-inner-column elementor-element elementor-element-05000dc\" data-id=\"05000dc\" data-element_type=\"column\" data-e-type=\"column\">\n\t\t\t<div class=\"elementor-widget-wrap elementor-element-populated\">\n\t\t\t\t\t\t<div class=\"elementor-element elementor-element-01af833 e-transform elementor-widget-divider--view-line elementor-widget elementor-widget-divider\" data-id=\"01af833\" data-element_type=\"widget\" data-e-type=\"widget\" data-settings=\"{&quot;_transform_rotateZ_effect&quot;:{&quot;unit&quot;:&quot;px&quot;,&quot;size&quot;:90,&quot;sizes&quot;:[]},&quot;_transform_rotateZ_effect_tablet&quot;:{&quot;unit&quot;:&quot;deg&quot;,&quot;size&quot;:&quot;&quot;,&quot;sizes&quot;:[]},&quot;_transform_rotateZ_effect_mobile&quot;:{&quot;unit&quot;:&quot;deg&quot;,&quot;size&quot;:&quot;&quot;,&quot;sizes&quot;:[]}}\" data-widget_type=\"divider.default\">\n\t\t\t\t<div class=\"elementor-widget-container\">\n\t\t\t\t\t\t\t<div class=\"elementor-divider\">\n\t\t\t<span class=\"elementor-divider-separator\">\n\t\t\t\t\t\t<\/span>\n\t\t<\/div>\n\t\t\t\t\t\t<\/div>\n\t\t\t\t<\/div>\n\t\t\t\t\t<\/div>\n\t\t<\/div>\n\t\t\t\t<div class=\"elementor-column elementor-col-50 elementor-inner-column elementor-element elementor-element-809dbf0\" data-id=\"809dbf0\" data-element_type=\"column\" data-e-type=\"column\" data-settings=\"{&quot;background_background&quot;:&quot;classic&quot;}\">\n\t\t\t<div class=\"elementor-widget-wrap\">\n\t\t\t\t\t\t\t<\/div>\n\t\t<\/div>\n\t\t\t\t<div class=\"elementor-column elementor-col-25 elementor-inner-column elementor-element elementor-element-7bc311f\" data-id=\"7bc311f\" data-element_type=\"column\" data-e-type=\"column\">\n\t\t\t<div class=\"elementor-widget-wrap elementor-element-populated\">\n\t\t\t\t\t\t<div class=\"elementor-element elementor-element-a9c87ca e-transform elementor-widget-divider--view-line elementor-widget elementor-widget-divider\" data-id=\"a9c87ca\" data-element_type=\"widget\" data-e-type=\"widget\" data-settings=\"{&quot;_transform_rotateZ_effect&quot;:{&quot;unit&quot;:&quot;px&quot;,&quot;size&quot;:90,&quot;sizes&quot;:[]},&quot;_transform_rotateZ_effect_tablet&quot;:{&quot;unit&quot;:&quot;deg&quot;,&quot;size&quot;:&quot;&quot;,&quot;sizes&quot;:[]},&quot;_transform_rotateZ_effect_mobile&quot;:{&quot;unit&quot;:&quot;deg&quot;,&quot;size&quot;:&quot;&quot;,&quot;sizes&quot;:[]}}\" data-widget_type=\"divider.default\">\n\t\t\t\t<div class=\"elementor-widget-container\">\n\t\t\t\t\t\t\t<div class=\"elementor-divider\">\n\t\t\t<span class=\"elementor-divider-separator\">\n\t\t\t\t\t\t<\/span>\n\t\t<\/div>\n\t\t\t\t\t\t<\/div>\n\t\t\t\t<\/div>\n\t\t\t\t\t<\/div>\n\t\t<\/div>\n\t\t\t\t\t<\/div>\n\t\t<\/section>\n\t\t\t\t\t<\/div>\n\t\t<\/div>\n\t\t\t\t\t<\/div>\n\t\t<\/section>\n\t\t<div class=\"elementor-element elementor-element-8a51345 e-con-full e-flex e-con e-parent\" data-id=\"8a51345\" data-element_type=\"container\" data-e-type=\"container\">\n\t\t<div class=\"elementor-element elementor-element-a3ddfcc e-con-full e-flex e-con e-child\" data-id=\"a3ddfcc\" data-element_type=\"container\" data-e-type=\"container\">\n\t\t<div class=\"elementor-element elementor-element-77452ab e-con-full e-flex e-con e-child\" data-id=\"77452ab\" data-element_type=\"container\" data-e-type=\"container\" data-settings=\"{&quot;background_background&quot;:&quot;classic&quot;}\">\n\t\t\t\t<div class=\"elementor-element elementor-element-d7ba500 elementor-widget elementor-widget-heading\" data-id=\"d7ba500\" data-element_type=\"widget\" data-e-type=\"widget\" data-widget_type=\"heading.default\">\n\t\t\t\t<div class=\"elementor-widget-container\">\n\t\t\t\t\t<h2 class=\"elementor-heading-title elementor-size-default\">Networked<\/h2>\t\t\t\t<\/div>\n\t\t\t\t<\/div>\n\t\t\t\t<div class=\"elementor-element elementor-element-9a2b867 elementor-widget elementor-widget-heading\" data-id=\"9a2b867\" data-element_type=\"widget\" data-e-type=\"widget\" data-widget_type=\"heading.default\">\n\t\t\t\t<div class=\"elementor-widget-container\">\n\t\t\t\t\t<h3 class=\"elementor-heading-title elementor-size-default\">for the highest quality<\/h3>\t\t\t\t<\/div>\n\t\t\t\t<\/div>\n\t\t\t\t<div class=\"elementor-element elementor-element-80aa279 elementor-widget elementor-widget-text-editor\" data-id=\"80aa279\" data-element_type=\"widget\" data-e-type=\"widget\" data-widget_type=\"text-editor.default\">\n\t\t\t\t<div class=\"elementor-widget-container\">\n\t\t\t\t\t\t\t\t\t<p>I believe in the power of networking - in strong partners who support and inspire each other. As a member of the exclusive RSVP Club, I regularly meet high-end professionals from all over the world to make valuable contacts, exchange expertise and receive input on new trends. I was awarded the Diamond Badge by this select network for my expertise and the quality of my work. I also take part in numerous networking events, am involved as a speaker and pass on my knowledge in the Association of Independent Swiss Wedding Planners (VUSH), among others.<\/p>\t\t\t\t\t\t\t\t<\/div>\n\t\t\t\t<\/div>\n\t\t\t\t<div class=\"elementor-element elementor-element-86e10c0 elementor-widget elementor-widget-button\" data-id=\"86e10c0\" data-element_type=\"widget\" data-e-type=\"widget\" data-widget_type=\"button.default\">\n\t\t\t\t<div class=\"elementor-widget-container\">\n\t\t\t\t\t\t\t\t\t<div class=\"elementor-button-wrapper\">\n\t\t\t\t\t<a class=\"elementor-button elementor-button-link elementor-size-sm\" href=\"https:\/\/theweddingstories.ch\/en\/contact\/\" target=\"_blank\">\n\t\t\t\t\t\t<span class=\"elementor-button-content-wrapper\">\n\t\t\t\t\t\t\t\t\t<span class=\"elementor-button-text\">Request a free consultation<\/span>\n\t\t\t\t\t<\/span>\n\t\t\t\t\t<\/a>\n\t\t\t\t<\/div>\n\t\t\t\t\t\t\t\t<\/div>\n\t\t\t\t<\/div>\n\t\t\t\t<\/div>\n\t\t\t\t<\/div>\n\t\t<div class=\"elementor-element elementor-element-6f93339 e-con-full e-flex e-con e-child\" data-id=\"6f93339\" data-element_type=\"container\" data-e-type=\"container\" data-settings=\"{&quot;background_background&quot;:&quot;classic&quot;}\">\n\t\t\t\t<\/div>\n\t\t\t\t<\/div>\n\t\t<div class=\"elementor-element elementor-element-86bb8fd e-con-full e-flex e-con e-parent\" data-id=\"86bb8fd\" data-element_type=\"container\" data-e-type=\"container\" data-settings=\"{&quot;background_background&quot;:&quot;classic&quot;}\">\n\t\t\t\t<div class=\"elementor-element elementor-element-ddcf353 elementor-widget__width-initial elementor-widget-divider--view-line elementor-widget elementor-widget-divider\" data-id=\"ddcf353\" data-element_type=\"widget\" data-e-type=\"widget\" data-widget_type=\"divider.default\">\n\t\t\t\t<div class=\"elementor-widget-container\">\n\t\t\t\t\t\t\t<div class=\"elementor-divider\">\n\t\t\t<span class=\"elementor-divider-separator\">\n\t\t\t\t\t\t<\/span>\n\t\t<\/div>\n\t\t\t\t\t\t<\/div>\n\t\t\t\t<\/div>\n\t\t\t\t<div class=\"elementor-element elementor-element-53b37c1 elementor-widget elementor-widget-theme-site-logo elementor-widget-image\" data-id=\"53b37c1\" data-element_type=\"widget\" data-e-type=\"widget\" data-widget_type=\"theme-site-logo.default\">\n\t\t\t\t<div class=\"elementor-widget-container\">\n\t\t\t\t\t\t\t\t\t\t\t<a href=\"https:\/\/theweddingstories.ch\/en\">\n\t\t\t<img fetchpriority=\"high\" decoding=\"async\" width=\"2560\" height=\"738\" src=\"https:\/\/theweddingstories.ch\/wp-content\/uploads\/2025\/05\/thewes_logo_rgb_beige-weiss.png\" class=\"attachment-full size-full wp-image-2381\" alt=\"Das weisse Textlogo mit der Aufschrift WES | WEDDING &amp; EVENT STORIES auf hellgrauem Hintergrund hebt die Dienstleistungen des Experten f\u00fcr Hochzeitsplanung und Wedding Planner in der Schweiz hervor.\" srcset=\"https:\/\/theweddingstories.ch\/wp-content\/uploads\/2025\/05\/thewes_logo_rgb_beige-weiss.png 2560w, https:\/\/theweddingstories.ch\/wp-content\/uploads\/2025\/05\/thewes_logo_rgb_beige-weiss-300x86.png 300w, https:\/\/theweddingstories.ch\/wp-content\/uploads\/2025\/05\/thewes_logo_rgb_beige-weiss-1024x295.png 1024w, https:\/\/theweddingstories.ch\/wp-content\/uploads\/2025\/05\/thewes_logo_rgb_beige-weiss-768x221.png 768w, https:\/\/theweddingstories.ch\/wp-content\/uploads\/2025\/05\/thewes_logo_rgb_beige-weiss-1536x443.png 1536w, https:\/\/theweddingstories.ch\/wp-content\/uploads\/2025\/05\/thewes_logo_rgb_beige-weiss-2048x590.png 2048w\" sizes=\"(max-width: 2560px) 100vw, 2560px\" title=\"\">\t\t\t\t<\/a>\n\t\t\t\t\t\t\t\t\t\t\t<\/div>\n\t\t\t\t<\/div>\n\t\t\t\t<div class=\"elementor-element elementor-element-e8ec5ac elementor-widget__width-initial elementor-widget-divider--view-line elementor-widget elementor-widget-divider\" data-id=\"e8ec5ac\" data-element_type=\"widget\" data-e-type=\"widget\" data-widget_type=\"divider.default\">\n\t\t\t\t<div class=\"elementor-widget-container\">\n\t\t\t\t\t\t\t<div class=\"elementor-divider\">\n\t\t\t<span class=\"elementor-divider-separator\">\n\t\t\t\t\t\t<\/span>\n\t\t<\/div>\n\t\t\t\t\t\t<\/div>\n\t\t\t\t<\/div>\n\t\t\t\t<\/div>\n\t\t<div class=\"elementor-element elementor-element-d96ba9c e-con-full e-flex e-con e-parent\" data-id=\"d96ba9c\" data-element_type=\"container\" data-e-type=\"container\">\n\t\t<div class=\"elementor-element elementor-element-d704df9 e-con-full e-flex e-con e-child\" data-id=\"d704df9\" data-element_type=\"container\" data-e-type=\"container\" data-settings=\"{&quot;background_background&quot;:&quot;classic&quot;}\">\n\t\t\t\t<\/div>\n\t\t<div class=\"elementor-element elementor-element-fe8585e e-con-full e-flex e-con e-child\" data-id=\"fe8585e\" data-element_type=\"container\" data-e-type=\"container\" data-settings=\"{&quot;background_background&quot;:&quot;classic&quot;}\">\n\t\t<div class=\"elementor-element elementor-element-3c5b9a2 e-con-full e-flex e-con e-child\" data-id=\"3c5b9a2\" data-element_type=\"container\" data-e-type=\"container\" data-settings=\"{&quot;background_background&quot;:&quot;classic&quot;}\">\n\t\t\t\t<div class=\"elementor-element elementor-element-76ab476 elementor-widget elementor-widget-heading\" data-id=\"76ab476\" data-element_type=\"widget\" data-e-type=\"widget\" data-widget_type=\"heading.default\">\n\t\t\t\t<div class=\"elementor-widget-container\">\n\t\t\t\t\t<h2 class=\"elementor-heading-title elementor-size-default\">Relaxed celebration<\/h2>\t\t\t\t<\/div>\n\t\t\t\t<\/div>\n\t\t\t\t<div class=\"elementor-element elementor-element-4ab9f40 elementor-widget elementor-widget-heading\" data-id=\"4ab9f40\" data-element_type=\"widget\" data-e-type=\"widget\" data-widget_type=\"heading.default\">\n\t\t\t\t<div class=\"elementor-widget-container\">\n\t\t\t\t\t<h3 class=\"elementor-heading-title elementor-size-default\">so that you can enjoy your wedding day<\/h3>\t\t\t\t<\/div>\n\t\t\t\t<\/div>\n\t\t\t\t<div class=\"elementor-element elementor-element-47927af elementor-widget elementor-widget-text-editor\" data-id=\"47927af\" data-element_type=\"widget\" data-e-type=\"widget\" data-widget_type=\"text-editor.default\">\n\t\t\t\t<div class=\"elementor-widget-container\">\n\t\t\t\t\t\t\t\t\tLet's talk about your wishes - completely relaxed and without obligation.\n\nIn a free consultation, we'll find out together how I can support you as a wedding planner so that your big day is exactly how you want it to be.\t\t\t\t\t\t\t\t<\/div>\n\t\t\t\t<\/div>\n\t\t\t\t<div class=\"elementor-element elementor-element-3cad006 elementor-align-left elementor-mobile-align-center elementor-widget elementor-widget-button\" data-id=\"3cad006\" data-element_type=\"widget\" data-e-type=\"widget\" data-widget_type=\"button.default\">\n\t\t\t\t<div class=\"elementor-widget-container\">\n\t\t\t\t\t\t\t\t\t<div class=\"elementor-button-wrapper\">\n\t\t\t\t\t<a class=\"elementor-button elementor-button-link elementor-size-sm\" href=\"https:\/\/theweddingstories.ch\/en\/contact\/\" target=\"_blank\">\n\t\t\t\t\t\t<span class=\"elementor-button-content-wrapper\">\n\t\t\t\t\t\t\t\t\t<span class=\"elementor-button-text\">Request a free consultation<\/span>\n\t\t\t\t\t<\/span>\n\t\t\t\t\t<\/a>\n\t\t\t\t<\/div>\n\t\t\t\t\t\t\t\t<\/div>\n\t\t\t\t<\/div>\n\t\t\t\t<\/div>\n\t\t<div class=\"elementor-element elementor-element-a5ddb9b e-con-full e-flex e-con e-child\" data-id=\"a5ddb9b\" data-element_type=\"container\" data-e-type=\"container\">\n\t\t\t\t<div class=\"elementor-element elementor-element-0915672 elementor-widget__width-initial elementor-widget-mobile__width-initial elementor-widget elementor-widget-image\" data-id=\"0915672\" data-element_type=\"widget\" data-e-type=\"widget\" data-widget_type=\"image.default\">\n\t\t\t\t<div class=\"elementor-widget-container\">\n\t\t\t\t\t\t\t\t\t\t\t\t\t\t\t<img decoding=\"async\" width=\"683\" height=\"1024\" src=\"https:\/\/theweddingstories.ch\/wp-content\/uploads\/2025\/05\/wedding-planner-fuer-elegante-auslandshochzeit-italien-mallorca-schweiz-2-683x1024.jpg\" class=\"attachment-large size-large wp-image-3801\" alt=\"Eine Braut in einem durchsichtigen, eleganten Kleid h\u00e4lt wei\u00dfe Blumen und steht neben einer Wand aus wei\u00dfen Bl\u00fcten vor einem dunklen Hintergrund - die perfekte Inspiration f\u00fcr Ihre Hochzeitsplanung mit Hilfe eines erfahrenen Wedding Planners.\" srcset=\"https:\/\/theweddingstories.ch\/wp-content\/uploads\/2025\/05\/wedding-planner-fuer-elegante-auslandshochzeit-italien-mallorca-schweiz-2-683x1024.jpg 683w, https:\/\/theweddingstories.ch\/wp-content\/uploads\/2025\/05\/wedding-planner-fuer-elegante-auslandshochzeit-italien-mallorca-schweiz-2-200x300.jpg 200w, https:\/\/theweddingstories.ch\/wp-content\/uploads\/2025\/05\/wedding-planner-fuer-elegante-auslandshochzeit-italien-mallorca-schweiz-2-768x1152.jpg 768w, https:\/\/theweddingstories.ch\/wp-content\/uploads\/2025\/05\/wedding-planner-fuer-elegante-auslandshochzeit-italien-mallorca-schweiz-2-1024x1536.jpg 1024w, https:\/\/theweddingstories.ch\/wp-content\/uploads\/2025\/05\/wedding-planner-fuer-elegante-auslandshochzeit-italien-mallorca-schweiz-2-1365x2048.jpg 1365w, https:\/\/theweddingstories.ch\/wp-content\/uploads\/2025\/05\/wedding-planner-fuer-elegante-auslandshochzeit-italien-mallorca-schweiz-2.jpg 1707w\" sizes=\"(max-width: 683px) 100vw, 683px\" title=\"\">\t\t\t\t\t\t\t\t\t\t\t\t\t\t\t<\/div>\n\t\t\t\t<\/div>\n\t\t\t\t<div class=\"elementor-element elementor-element-a99bb60 elementor-widget__width-initial elementor-widget-mobile__width-initial elementor-widget elementor-widget-image\" data-id=\"a99bb60\" data-element_type=\"widget\" data-e-type=\"widget\" data-widget_type=\"image.default\">\n\t\t\t\t<div class=\"elementor-widget-container\">\n\t\t\t\t\t\t\t\t\t\t\t\t\t\t\t<img decoding=\"async\" width=\"683\" height=\"1024\" src=\"https:\/\/theweddingstories.ch\/wp-content\/uploads\/2025\/05\/wedding-planner-fuer-elegante-auslandshochzeit-italien-mallorca-schweiz-683x1024.jpg\" class=\"attachment-large size-large wp-image-3803\" alt=\"Eine Frau in einem wei\u00dfen Kleid mit Schleier blickt in die Kamera und h\u00e4lt den durchsichtigen Stoff sanft an ihr Gesicht - ein eleganter Moment, der sich perfekt f\u00fcr die Hochzeitsplanung oder den Wedding Planner in Italien eignet.\" srcset=\"https:\/\/theweddingstories.ch\/wp-content\/uploads\/2025\/05\/wedding-planner-fuer-elegante-auslandshochzeit-italien-mallorca-schweiz-683x1024.jpg 683w, https:\/\/theweddingstories.ch\/wp-content\/uploads\/2025\/05\/wedding-planner-fuer-elegante-auslandshochzeit-italien-mallorca-schweiz-200x300.jpg 200w, https:\/\/theweddingstories.ch\/wp-content\/uploads\/2025\/05\/wedding-planner-fuer-elegante-auslandshochzeit-italien-mallorca-schweiz-768x1152.jpg 768w, https:\/\/theweddingstories.ch\/wp-content\/uploads\/2025\/05\/wedding-planner-fuer-elegante-auslandshochzeit-italien-mallorca-schweiz-1024x1536.jpg 1024w, https:\/\/theweddingstories.ch\/wp-content\/uploads\/2025\/05\/wedding-planner-fuer-elegante-auslandshochzeit-italien-mallorca-schweiz-1365x2048.jpg 1365w, https:\/\/theweddingstories.ch\/wp-content\/uploads\/2025\/05\/wedding-planner-fuer-elegante-auslandshochzeit-italien-mallorca-schweiz.jpg 1707w\" sizes=\"(max-width: 683px) 100vw, 683px\" title=\"\">\t\t\t\t\t\t\t\t\t\t\t\t\t\t\t<\/div>\n\t\t\t\t<\/div>\n\t\t\t\t<\/div>\n\t\t\t\t<\/div>\n\t\t\t\t<\/div>\n\t\t\t\t<section class=\"elementor-section elementor-top-section elementor-element elementor-element-c62c8d2 elementor-section-height-min-height elementor-section-items-bottom elementor-section-full_width elementor-section-height-default\" data-id=\"c62c8d2\" data-element_type=\"section\" data-e-type=\"section\" data-settings=\"{&quot;background_background&quot;:&quot;video&quot;,&quot;background_video_link&quot;:&quot;https:\\\/\\\/youtu.be\\\/u9LTIzCWtIU&quot;,&quot;background_video_start&quot;:55,&quot;background_video_end&quot;:90,&quot;background_play_on_mobile&quot;:&quot;yes&quot;}\">\n\t\t\t\t\t\t\t\t<div class=\"elementor-background-video-container\">\n\t\t\t\t\t\t\t\t\t\t\t\t\t<div class=\"elementor-background-video-embed\" role=\"presentation\"><\/div>\n\t\t\t\t\t\t\t\t\t\t\t\t<\/div>\n\t\t\t\t\t\t\t\t\t<div class=\"elementor-background-overlay\"><\/div>\n\t\t\t\t\t\t\t<div class=\"elementor-container elementor-column-gap-default\">\n\t\t\t\t\t<div class=\"elementor-column elementor-col-100 elementor-top-column elementor-element elementor-element-cc7fbd7\" data-id=\"cc7fbd7\" data-element_type=\"column\" data-e-type=\"column\">\n\t\t\t<div class=\"elementor-widget-wrap\">\n\t\t\t\t\t\t\t<\/div>\n\t\t<\/div>\n\t\t\t\t\t<\/div>\n\t\t<\/section>\n\t\t\t\t<\/div>","protected":false},"excerpt":{"rendered":"<p>Wedding day manager Pr\u00e4senz im Hintergrund, Perfektion im Detail Souver\u00e4n im Hintergrund. Perfekt im Detail. Als eure Planerin behalte ich am Tag der Hochzeit jederzeit den \u00dcberblick. Ich stelle sicher, dass alle F\u00e4den zusammenlaufen, und manage den gesamten Prozess, damit Ihr Euch voll und ganz auf Euren grossen Tag konzentrieren k\u00f6nnt. Unvorhergesehene Dinge passieren, daf\u00fcr [&hellip;]<\/p>\n","protected":false},"author":4,"featured_media":0,"parent":0,"menu_order":0,"comment_status":"closed","ping_status":"closed","template":"elementor_header_footer","meta":{"footnotes":""},"class_list":["post-2402","page","type-page","status-publish","hentry"],"_links":{"self":[{"href":"https:\/\/theweddingstories.ch\/en\/wp-json\/wp\/v2\/pages\/2402","targetHints":{"allow":["GET"]}}],"collection":[{"href":"https:\/\/theweddingstories.ch\/en\/wp-json\/wp\/v2\/pages"}],"about":[{"href":"https:\/\/theweddingstories.ch\/en\/wp-json\/wp\/v2\/types\/page"}],"author":[{"embeddable":true,"href":"https:\/\/theweddingstories.ch\/en\/wp-json\/wp\/v2\/users\/4"}],"replies":[{"embeddable":true,"href":"https:\/\/theweddingstories.ch\/en\/wp-json\/wp\/v2\/comments?post=2402"}],"version-history":[{"count":26,"href":"https:\/\/theweddingstories.ch\/en\/wp-json\/wp\/v2\/pages\/2402\/revisions"}],"predecessor-version":[{"id":5798,"href":"https:\/\/theweddingstories.ch\/en\/wp-json\/wp\/v2\/pages\/2402\/revisions\/5798"}],"wp:attachment":[{"href":"https:\/\/theweddingstories.ch\/en\/wp-json\/wp\/v2\/media?parent=2402"}],"curies":[{"name":"wp","href":"https:\/\/api.w.org\/{rel}","templated":true}]}}